{"id":11,"date":"2021-03-08T10:18:10","date_gmt":"2021-03-08T09:18:10","guid":{"rendered":"http:\/\/sigufrp.cluster030.hosting.ovh.net\/wp2\/?page_id=11"},"modified":"2024-10-14T18:58:19","modified_gmt":"2024-10-14T16:58:19","slug":"bienvenue-sigu","status":"publish","type":"page","link":"http:\/\/sigufrp.cluster030.hosting.ovh.net\/wp2\/","title":{"rendered":"Bienvenue !"},"content":{"rendered":"\n<div class=\"wp-block-columns has-black-color has-text-color is-layout-flex wp-container-core-columns-is-layout-9d6595d7 wp-block-columns-is-layout-flex\">\n<div class=\"wp-block-column is-vertically-aligned-top is-layout-flow wp-block-column-is-layout-flow\">\n<div class=\"wp-block-media-text alignwide has-media-on-the-right is-stacked-on-mobile\" style=\"grid-template-columns:auto 33%\"><div class=\"wp-block-media-text__content\">\n<p>La SIGU est la <strong>Soci\u00e9t\u00e9 d&rsquo;Imagerie G\u00e9nito-Urinaire<\/strong> en langue fran\u00e7aise. C&rsquo;est une des \u00ab\u00a0soci\u00e9t\u00e9s d&rsquo;organe\u00a0\u00bb composant la Soci\u00e9t\u00e9 Fran\u00e7aise de Radiologie. Elle a \u00e9t\u00e9 cr\u00e9\u00e9e en 1989.<\/p>\n\n\n\n<p>Elle regroupe les principales \u00e9quipes, les enseignants, les praticiens et les radiologues lib\u00e9raux exer\u00e7ant cette splendide discipline.<\/p>\n\n\n\n<p>Ses objectifs sont de <strong>d\u00e9velopper les connaissances (y compris du grand public), l&rsquo;enseignement, la recherche<\/strong> en imagerie pour les maladies touchant les reins, les voies urinaires, les organes g\u00e9nitaux masculins, la prostate, les surr\u00e9nales.<\/p>\n<\/div><figure class=\"wp-block-media-text__media\"><img loading=\"lazy\" decoding=\"async\" width=\"128\" height=\"130\" src=\"http:\/\/sigufrp.cluster030.hosting.ovh.net\/wp2\/wp-content\/uploads\/2021\/03\/Logo-SIGU-2014-v2-couleurs.png\" alt=\"\" class=\"wp-image-30 size-full\"\/><\/figure><\/div>\n\n\n\n<p><strong>Comment acc\u00e9der \u00e0 l&rsquo;ensemble du site ?<\/strong><\/p>\n\n\n\n<p>Il faut vous connecter <a rel=\"noreferrer noopener\" href=\"http:\/\/sigufrp.cluster030.hosting.ovh.net\/wp2\/wp-login.php\" target=\"_blank\">ici<\/a> pour vous identifier. Vos identifiants ne sont transmis qu&rsquo;apr\u00e8s adh\u00e9sion \u00e0 la soci\u00e9t\u00e9. Donc, <a href=\"http:\/\/sigufrp.cluster030.hosting.ovh.net\/wp2\/adhesion\/\" data-type=\"page\" data-id=\"110\">devenez membre de la SIGU<\/a> \ud83d\ude00  ! A d\u00e9faut, vous acc\u00e9dez au contenu public \ud83d\ude15  (limit\u00e9 en g\u00e9n\u00e9ral aux annonces).<\/p>\n\n\n\n<p class=\"has-normal-font-size\"><strong>O\u00f9 trouver l&rsquo;actualit\u00e9 de la SIGU ?<\/strong><br><br>Les informations SIGU sont publi\u00e9es sur Twitter en priorit\u00e9. Le fil twitter peut inclure des \u00ab\u00a0retweets\u00a0\u00bb, c&rsquo;est \u00e0 dire ce que nous trouvons int\u00e9ressant mais publi\u00e9 par d&rsquo;autres. Les articles d\u00e9taill\u00e9s, les rapports, les ressources, et tout ce qui d\u00e9passe 140 caract\u00e8res est publi\u00e9 sur ce site. Voici les 3 derniers articles publi\u00e9s ici, mais d&rsquo;autres sont certainement disponibles dans le menu \u00ab\u00a0Actualit\u00e9s\u00a0\u00bb.<\/p>\n\n\n<ul class=\"wp-block-latest-posts__list has-dates has-author wp-block-latest-posts\"><li><a class=\"wp-block-latest-posts__post-title\" href=\"http:\/\/sigufrp.cluster030.hosting.ovh.net\/wp2\/2026\/03\/12\/2%e1%b5%89-uro-club-national-poursuivons-les-echanges-autour-des-cas-cliniques\/\">2\u1d49 Uro Club National : poursuivons les \u00e9changes autour des cas cliniques<\/a><div class=\"wp-block-latest-posts__post-author\">par Alexandre SCHULL<\/div><time datetime=\"2026-03-12T16:57:30+01:00\" class=\"wp-block-latest-posts__post-date\">12 mars 2026<\/time><\/li>\n<li><a class=\"wp-block-latest-posts__post-title\" href=\"http:\/\/sigufrp.cluster030.hosting.ovh.net\/wp2\/2026\/02\/21\/epu-pathologies-scrotales-au-chu-dangers\/\">EPU \u00ab\u00a0Pathologies Scrotales\u00a0\u00bb au CHU d&rsquo;ANGERS<\/a><div class=\"wp-block-latest-posts__post-author\">par Alexandre SCHULL<\/div><time datetime=\"2026-02-21T12:50:45+01:00\" class=\"wp-block-latest-posts__post-date\">21 f\u00e9vrier 2026<\/time><\/li>\n<li><a class=\"wp-block-latest-posts__post-title\" href=\"http:\/\/sigufrp.cluster030.hosting.ovh.net\/wp2\/2026\/02\/17\/1er-uro-club-national-de-la-sigu\/\">Lancement des Uro Clubs Nationaux<\/a><div class=\"wp-block-latest-posts__post-author\">par Alexandre SCHULL<\/div><time datetime=\"2026-02-17T15:03:54+01:00\" class=\"wp-block-latest-posts__post-date\">17 f\u00e9vrier 2026<\/time><\/li>\n<\/ul><\/div>\n<\/div>\n","protected":false},"excerpt":{"rendered":"<p>La SIGU est la Soci\u00e9t\u00e9 d&rsquo;Imagerie G\u00e9nito-Urinaire en langue fran\u00e7aise. C&rsquo;est une des \u00ab\u00a0soci\u00e9t\u00e9s d&rsquo;organe\u00a0\u00bb composant la Soci\u00e9t\u00e9 Fran\u00e7aise de Radiologie. Elle a \u00e9t\u00e9 cr\u00e9\u00e9e en 1989. Elle regroupe les principales \u00e9quipes, les enseignants, les praticiens et les&#8230; <a class=\"read-more\" href=\"http:\/\/sigufrp.cluster030.hosting.ovh.net\/wp2\/\">Read More<\/a><\/p>\n","protected":false},"author":1,"featured_media":0,"parent":0,"menu_order":0,"comment_status":"closed","ping_status":"closed","template":"","meta":{"footnotes":""},"class_list":["post-11","page","type-page","status-publish","hentry","no-comments"],"_links":{"self":[{"href":"http:\/\/sigufrp.cluster030.hosting.ovh.net\/wp2\/wp-json\/wp\/v2\/pages\/11","targetHints":{"allow":["GET"]}}],"collection":[{"href":"http:\/\/sigufrp.cluster030.hosting.ovh.net\/wp2\/wp-json\/wp\/v2\/pages"}],"about":[{"href":"http:\/\/sigufrp.cluster030.hosting.ovh.net\/wp2\/wp-json\/wp\/v2\/types\/page"}],"author":[{"embeddable":true,"href":"http:\/\/sigufrp.cluster030.hosting.ovh.net\/wp2\/wp-json\/wp\/v2\/users\/1"}],"replies":[{"embeddable":true,"href":"http:\/\/sigufrp.cluster030.hosting.ovh.net\/wp2\/wp-json\/wp\/v2\/comments?post=11"}],"version-history":[{"count":29,"href":"http:\/\/sigufrp.cluster030.hosting.ovh.net\/wp2\/wp-json\/wp\/v2\/pages\/11\/revisions"}],"predecessor-version":[{"id":197,"href":"http:\/\/sigufrp.cluster030.hosting.ovh.net\/wp2\/wp-json\/wp\/v2\/pages\/11\/revisions\/197"}],"wp:attachment":[{"href":"http:\/\/sigufrp.cluster030.hosting.ovh.net\/wp2\/wp-json\/wp\/v2\/media?parent=11"}],"curies":[{"name":"wp","href":"https:\/\/api.w.org\/{rel}","templated":true}]}}